{"id":421,"date":"2025-06-22T20:21:30","date_gmt":"2025-06-22T18:21:30","guid":{"rendered":"https:\/\/tuvatov.no\/?post_type=product&#038;p=421"},"modified":"2025-12-14T06:04:52","modified_gmt":"2025-12-14T05:04:52","slug":"bjorn-ullpledd-bla","status":"publish","type":"product","link":"https:\/\/tuvatov.no\/en\/product\/bjorn-ullpledd-bla\/","title":{"rendered":"BJ\u00d8RN Ullpledd Bl\u00e5"},"content":{"rendered":"","protected":false},"excerpt":{"rendered":"<p>Soft and warm quality blankets from TuvaT\u00f8v\u00ae. Made from 50% new Norwegian wool and 50% recycled wool. A timeless product that combines traditional craftsmanship with innovative design.<\/p>\n<p><strong>Color:<\/strong> Col 205 grey<\/p>\n<p><strong>Size:<\/strong> 90&#215;130 cm<\/p>","protected":false},"featured_media":417,"template":"","meta":[],"product_brand":[],"product_cat":[19],"product_tag":[],"class_list":{"0":"post-421","1":"product","2":"type-product","3":"status-publish","4":"has-post-thumbnail","6":"product_cat-ullpledd-90x130","8":"first","9":"instock","10":"taxable","11":"shipping-taxable","12":"purchasable","13":"product-type-simple"},"_links":{"self":[{"href":"https:\/\/tuvatov.no\/en\/wp-json\/wp\/v2\/product\/421","targetHints":{"allow":["GET"]}}],"collection":[{"href":"https:\/\/tuvatov.no\/en\/wp-json\/wp\/v2\/product"}],"about":[{"href":"https:\/\/tuvatov.no\/en\/wp-json\/wp\/v2\/types\/product"}],"wp:featuredmedia":[{"embeddable":true,"href":"https:\/\/tuvatov.no\/en\/wp-json\/wp\/v2\/media\/417"}],"wp:attachment":[{"href":"https:\/\/tuvatov.no\/en\/wp-json\/wp\/v2\/media?parent=421"}],"wp:term":[{"taxonomy":"product_brand","embeddable":true,"href":"https:\/\/tuvatov.no\/en\/wp-json\/wp\/v2\/product_brand?post=421"},{"taxonomy":"product_cat","embeddable":true,"href":"https:\/\/tuvatov.no\/en\/wp-json\/wp\/v2\/product_cat?post=421"},{"taxonomy":"product_tag","embeddable":true,"href":"https:\/\/tuvatov.no\/en\/wp-json\/wp\/v2\/product_tag?post=421"}],"curies":[{"name":"wp","href":"https:\/\/api.w.org\/{rel}","templated":true}]}}