{"id":299,"date":"2025-02-25T12:15:13","date_gmt":"2025-02-25T12:15:13","guid":{"rendered":"https:\/\/tuvatov.web-craft.dev\/?page_id=299"},"modified":"2025-02-25T12:15:13","modified_gmt":"2025-02-25T12:15:13","slug":"referanser","status":"publish","type":"page","link":"https:\/\/tuvatov.no\/en\/referanser\/","title":{"rendered":"Referanser"},"content":{"rendered":"<div class=\"elementor-element elementor-element-ee5ea70 elementor-widget elementor-widget-heading\" data-id=\"ee5ea70\" data-element_type=\"widget\" data-widget_type=\"heading.default\">\n<div class=\"elementor-widget-container\">\n<h2 class=\"elementor-heading-title elementor-size-default\">V\u00e5re Referanser<\/h2>\n<\/div>\n<\/div>\n<div class=\"elementor-element elementor-element-9e49d85 elementor-widget elementor-widget-text-editor\" data-id=\"9e49d85\" data-element_type=\"widget\" data-widget_type=\"text-editor.default\">\n<div class=\"elementor-widget-container\">\n<p class=\"font_8 wixui-rich-text__text\">Hos Tuva T\u00f8v Design AS er vi stolte av v\u00e5re mange forn\u00f8yde kunder og samarbeidspartnere. V\u00e5re produkter har funnet veien inn i hjem, bedrifter, og kjente severdigheter over hele Norge. Vi har et solid rykte for kvalitet og b\u00e6rekraft, og v\u00e5re ullprodukter er favoritter blant friluftsentusiaster, turryttere, og idrettslag. V\u00e5r dedikasjon til norsk h\u00e5ndverk og milj\u00f8vennlige produksjonsmetoder har gjort oss til en p\u00e5litelig leverand\u00f8r som kunder vender tilbake til gang p\u00e5 gang.<\/p>\n<p class=\"font_8 wixui-rich-text__text\">Takk til alle v\u00e5re kunder som deler v\u00e5r lidenskap for norsk ullkvalitet!<\/p>\n<\/div>\n<\/div>","protected":false},"excerpt":{"rendered":"<p>V\u00e5re Referanser Hos Tuva T\u00f8v Design AS er vi stolte av v\u00e5re mange forn\u00f8yde kunder og samarbeidspartnere. V\u00e5re produkter har<\/p>","protected":false},"author":1,"featured_media":0,"parent":0,"menu_order":0,"comment_status":"closed","ping_status":"closed","template":"","meta":{"footnotes":""},"class_list":["post-299","page","type-page","status-publish","hentry"],"_links":{"self":[{"href":"https:\/\/tuvatov.no\/en\/wp-json\/wp\/v2\/pages\/299","targetHints":{"allow":["GET"]}}],"collection":[{"href":"https:\/\/tuvatov.no\/en\/wp-json\/wp\/v2\/pages"}],"about":[{"href":"https:\/\/tuvatov.no\/en\/wp-json\/wp\/v2\/types\/page"}],"author":[{"embeddable":true,"href":"https:\/\/tuvatov.no\/en\/wp-json\/wp\/v2\/users\/1"}],"replies":[{"embeddable":true,"href":"https:\/\/tuvatov.no\/en\/wp-json\/wp\/v2\/comments?post=299"}],"version-history":[{"count":1,"href":"https:\/\/tuvatov.no\/en\/wp-json\/wp\/v2\/pages\/299\/revisions"}],"predecessor-version":[{"id":300,"href":"https:\/\/tuvatov.no\/en\/wp-json\/wp\/v2\/pages\/299\/revisions\/300"}],"wp:attachment":[{"href":"https:\/\/tuvatov.no\/en\/wp-json\/wp\/v2\/media?parent=299"}],"curies":[{"name":"wp","href":"https:\/\/api.w.org\/{rel}","templated":true}]}}