{"id":294,"date":"2025-02-25T12:13:38","date_gmt":"2025-02-25T12:13:38","guid":{"rendered":"https:\/\/tuvatov.web-craft.dev\/?page_id=294"},"modified":"2025-02-25T12:13:38","modified_gmt":"2025-02-25T12:13:38","slug":"dugnad","status":"publish","type":"page","link":"https:\/\/tuvatov.no\/en\/dugnad\/","title":{"rendered":"Dugnad"},"content":{"rendered":"<div id=\"comp-m0nmrly5\" class=\"HcOXKn c9GqVL QxJLC3 lq2cno comp-m0nmrly5 wixui-rich-text\" data-testid=\"richTextElement\">\n<h1 class=\"font_6 wixui-rich-text__text\"><strong><span class=\"wixui-rich-text__text\">Velkommen til Tuva T\u00f8v Dugnad<\/span><\/strong><\/h1>\n<\/div>\n<div id=\"comp-m0nneob6\" class=\"HcOXKn c9GqVL QxJLC3 lq2cno comp-m0nneob6 wixui-rich-text\" data-testid=\"richTextElement\">\n<p class=\"font_8 wixui-rich-text__text\"><span class=\"wixui-rich-text__text\">B\u00e6rekraftige og Unike Dugnadsl\u00f8sninger fra Tuva T\u00f8v Design AS<\/span><\/p>\n<p class=\"font_8 wixui-rich-text__text\"><span class=\"wixui-rich-text__text\">\u200b<\/span>Dugnad er en grunnpilar i norsk kultur, og hos Tuva T\u00f8v Design AS forst\u00e5r vi viktigheten av \u00e5 st\u00f8tte idrettslag, klubber og foreninger. Tradisjonelle dugnadsprodukter som toalettpapir begynner \u00e5 miste sin appell.<\/p>\n<p class=\"font_8 wixui-rich-text__text\">Derfor tilbyr vi noe nytt, spennende og b\u00e6rekraftig.<\/p>\n<p class=\"font_8 wixui-rich-text__text\"><strong><span class=\"wixui-rich-text__text\">\u200b<\/span><span class=\"wixui-rich-text__text\">1. Samfunnsansvar og Lokalt Engasjement\u00a0<\/span><\/strong><\/p>\n<p class=\"font_8 wixui-rich-text__text\">V\u00e5re produkter, laget av 50% norsk ull og 50% resirkulert ull, reflekterer v\u00e5rt engasjement for milj\u00f8et og lokalsamfunnet. Med v\u00e5re produkter investerer dere i fremtiden, samtidig som dere styrker fellesskapet.<\/p>\n<p class=\"font_8 wixui-rich-text__text\"><strong><span class=\"wixui-rich-text__text\">\u200b<\/span><\/strong><span class=\"wixui-rich-text__text\"><strong>2. Kvalitet og Rimelighet<\/strong>\u00a0<\/span><\/p>\n<p class=\"font_8 wixui-rich-text__text\">Vi leverer ullprodukter av topp kvalitet til konkurransedyktige priser. V\u00e5re produkter er prisgunstige, noe som gj\u00f8r det lettere for medlemmene \u00e5 st\u00f8tte dugnaden.<\/p>\n<p class=\"font_8 wixui-rich-text__text\"><strong><span class=\"wixui-rich-text__text\">\u200b<\/span><span class=\"wixui-rich-text__text\">3. B\u00e6rekraftige Valg<\/span><\/strong><\/p>\n<p class=\"font_8 wixui-rich-text__text\">Ved \u00e5 kombinere norsk og resirkulert ull, tilbyr vi milj\u00f8vennlige produkter som reduserer avfall og fremmer en sirkul\u00e6r \u00f8konomi.<\/p>\n<p class=\"font_8 wixui-rich-text__text\"><strong><span class=\"wixui-rich-text__text\">\u200b<\/span><span class=\"wixui-rich-text__text\">4. Unike og Personlige Produkter<\/span><\/strong><\/p>\n<p class=\"font_8 wixui-rich-text__text\">V\u00e5re sitteunderlag og pledd kan tilpasses med deres logo, og blir unike, minneverdige gaver med lang levetid.<\/p>\n<p class=\"font_8 wixui-rich-text__text\"><strong><span class=\"wixui-rich-text__text\">\u200b<\/span><span class=\"wixui-rich-text__text\">5. Synlighet og Fleksibilitet<\/span><\/strong><\/p>\n<p class=\"font_8 wixui-rich-text__text\">Disse produktene gir god synlighet for klubben og kan brukes i b\u00e5de trening, kamp og hverdag.<\/p>\n<p class=\"font_8 wixui-rich-text__text\"><span class=\"wixui-rich-text__text\">\u200b<\/span><span class=\"wixui-rich-text__text\">Kontakt oss i dag for \u00e5 l\u00e6re mer om hvordan vi kan bidra til deres dugnadssuksess!<\/span><\/p>\n<\/div>","protected":false},"excerpt":{"rendered":"<p>Velkommen til Tuva T\u00f8v Dugnad B\u00e6rekraftige og Unike Dugnadsl\u00f8sninger fra Tuva T\u00f8v Design AS \u200bDugnad er en grunnpilar i norsk<\/p>","protected":false},"author":1,"featured_media":0,"parent":0,"menu_order":0,"comment_status":"closed","ping_status":"closed","template":"","meta":{"footnotes":""},"class_list":["post-294","page","type-page","status-publish","hentry"],"_links":{"self":[{"href":"https:\/\/tuvatov.no\/en\/wp-json\/wp\/v2\/pages\/294","targetHints":{"allow":["GET"]}}],"collection":[{"href":"https:\/\/tuvatov.no\/en\/wp-json\/wp\/v2\/pages"}],"about":[{"href":"https:\/\/tuvatov.no\/en\/wp-json\/wp\/v2\/types\/page"}],"author":[{"embeddable":true,"href":"https:\/\/tuvatov.no\/en\/wp-json\/wp\/v2\/users\/1"}],"replies":[{"embeddable":true,"href":"https:\/\/tuvatov.no\/en\/wp-json\/wp\/v2\/comments?post=294"}],"version-history":[{"count":1,"href":"https:\/\/tuvatov.no\/en\/wp-json\/wp\/v2\/pages\/294\/revisions"}],"predecessor-version":[{"id":295,"href":"https:\/\/tuvatov.no\/en\/wp-json\/wp\/v2\/pages\/294\/revisions\/295"}],"wp:attachment":[{"href":"https:\/\/tuvatov.no\/en\/wp-json\/wp\/v2\/media?parent=294"}],"curies":[{"name":"wp","href":"https:\/\/api.w.org\/{rel}","templated":true}]}}