{"id":292,"date":"2025-02-25T12:08:47","date_gmt":"2025-02-25T12:08:47","guid":{"rendered":"https:\/\/tuvatov.web-craft.dev\/?page_id=292"},"modified":"2025-02-25T12:08:47","modified_gmt":"2025-02-25T12:08:47","slug":"bedrift","status":"publish","type":"page","link":"https:\/\/tuvatov.no\/en\/bedrift\/","title":{"rendered":"Bedrift"},"content":{"rendered":"<div class=\"hero-section ct-constrained-width\" data-type=\"type-1\">\n<header class=\"entry-header\">\n<h1 class=\"page-title\" title=\"Bedrift\">Bedrift<\/h1>\n<\/header>\n<\/div>\n<div class=\"entry-content is-layout-flow\">\n<div class=\"elementor elementor-2498\" data-elementor-type=\"wp-page\" data-elementor-id=\"2498\">\n<div class=\"elementor-element elementor-element-ff28bbf e-flex e-con-boxed e-con e-parent e-lazyloaded\" data-id=\"ff28bbf\" data-element_type=\"container\">\n<div class=\"e-con-inner\">\n<div class=\"elementor-element elementor-element-693b557 elementor-widget elementor-widget-text-editor\" data-id=\"693b557\" data-element_type=\"widget\" data-widget_type=\"text-editor.default\">\n<div class=\"elementor-widget-container\">\n<h3 class=\"font_8 wixui-rich-text__text\"><span class=\"wixui-rich-text__text\">Bedriftsgaver med Fokus p\u00e5 B\u00e6rekraft \u2013 Tuva T\u00f8v Design AS<\/span><\/h3>\n<p class=\"font_8 wixui-rich-text__text\">Velkommen til Tuva T\u00f8v Design AS, hvor vi tilbyr bedrifter muligheten til \u00e5 gi meningsfulle gaver som ikke bare gleder mottakeren, men ogs\u00e5 bidrar til en bedre verden. V\u00e5rt sortiment av ullprodukter er laget med en dyp forpliktelse til milj\u00f8et, sirkul\u00e6r \u00f8konomi, og b\u00e6rekraft.<\/p>\n<p class=\"font_8 wixui-rich-text__text\"><strong><span class=\"wixui-rich-text__text\">Milj\u00f8vennlige Gaver som Gj\u00f8r en Forskjell<\/span><\/strong><\/p>\n<p class=\"font_8 wixui-rich-text__text\">V\u00e5re produkter er mer enn bare flotte gaver \u2013 de er et aktivt valg for en mer b\u00e6rekraftig fremtid. Vi bruker 50% norsk ull og 50% resirkulert ull i v\u00e5re produksjonsprosesser. Dette reduserer avfall og gir nytt liv til materialer som ellers ville g\u00e5tt tapt. Ved \u00e5 velge v\u00e5re produkter, tar bedriften din et standpunkt for milj\u00f8et.<\/p>\n<p class=\"font_8 wixui-rich-text__text\"><strong><span class=\"wixui-rich-text__text\">Sirkul\u00e6r \u00d8konomi i Praksis<\/span><\/strong><\/p>\n<p class=\"font_8 wixui-rich-text__text\">I Tuva T\u00f8v Design AS er vi stolte av \u00e5 st\u00f8tte sirkul\u00e6r \u00f8konomi, hvor vi maksimerer verdien av hver ressurs ved \u00e5 gjenvinne og gjenbruke materialer. V\u00e5re ullprodukter er et resultat av denne filosofien \u2013 de er laget for \u00e5 vare og bli verdsatt i lang tid. Ved \u00e5 investere i produkter som v\u00e5re, investerer dere ogs\u00e5 i en \u00f8konomisk modell som fremmer b\u00e6rekraftig vekst.<\/p>\n<p class=\"font_8 wixui-rich-text__text\"><strong><span class=\"wixui-rich-text__text\">B\u00e6rekraft som Bedriftskultur<\/span><\/strong><\/p>\n<p class=\"font_8 wixui-rich-text__text\">N\u00e5r bedriften din velger gaver fra Tuva T\u00f8v Design AS, sender dere et sterkt signal om deres forpliktelse til b\u00e6rekraft og milj\u00f8vern. Dette styrker ikke bare deres omd\u00f8mme, men ogs\u00e5 bedriftskulturen, ved \u00e5 vise at dere verdsetter ansvarlig og etisk virksomhet. V\u00e5re produkter kan tilpasses med deres logo eller et budskap som understreker bedriftens verdier, og dermed skape gaver med b\u00e5de betydning og gjenkjennelse<\/p>\n<p class=\"font_8 wixui-rich-text__text\">V\u00e5re Produkter:<\/p>\n<ul class=\"font_8 wixui-rich-text__text\">\n<li class=\"wixui-rich-text__text\">\n<p class=\"font_8 wixui-rich-text__text\">Ullpledd: Myke, varme og tidl\u00f8se, v\u00e5re pledd er perfekte for \u00e5 gi komfort i hverdagen. Laget av en blanding av norsk og resirkulert ull, er de et bevis p\u00e5 at b\u00e6rekraft og luksus kan g\u00e5 h\u00e5nd i h\u00e5nd.<\/p>\n<\/li>\n<li class=\"wixui-rich-text__text\">\n<p class=\"font_8 wixui-rich-text__text\">Sitteunderlag: Praktiske og stilige, v\u00e5re sitteunderlag er ideelle for friluftsentusiaster og kan brukes i en rekke situasjoner. De er ogs\u00e5 en utmerket m\u00e5te \u00e5 vise frem bedriftens engasjement for milj\u00f8vennlige l\u00f8sninger.<\/p>\n<\/li>\n<li class=\"wixui-rich-text__text\">\n<p class=\"font_8 wixui-rich-text__text\">Andre tilpassede ullprodukter: Vi tilbyr et bredt utvalg av ullprodukter som kan tilpasses for \u00e5 m\u00f8te bedriftens spesifikke behov og preferanser.<\/p>\n<\/li>\n<\/ul>\n<p class=\"font_8 wixui-rich-text__text\">Hvorfor Velge Tuva T\u00f8v Design AS for Bedriftsgaver?<\/p>\n<ul class=\"font_8 wixui-rich-text__text\">\n<li class=\"wixui-rich-text__text\">\n<p class=\"font_8 wixui-rich-text__text\">Milj\u00f8bevissthet: Vis at bedriften din tar ansvar for milj\u00f8et ved \u00e5 velge gaver som st\u00f8tter b\u00e6rekraft og sirkul\u00e6r \u00f8konomi.<\/p>\n<\/li>\n<li class=\"wixui-rich-text__text\">\n<p class=\"font_8 wixui-rich-text__text\">Kvalitet: V\u00e5re produkter er laget for \u00e5 vare, og kombinerer det beste av norsk h\u00e5ndverk med moderne teknologi.<\/p>\n<\/li>\n<li class=\"wixui-rich-text__text\">\n<p class=\"font_8 wixui-rich-text__text\">Tilpasning: Gj\u00f8r gavene enda mer personlige med tilpassede detaljer som bedriftens logo eller et budskap som reflekterer deres verdier.<\/p>\n<\/li>\n<\/ul>\n<p class=\"font_8 wixui-rich-text__text\"><strong><span class=\"wixui-rich-text__text\">Langvarig Verdi:<\/span><\/strong><\/p>\n<p class=\"font_8 wixui-rich-text__text\">Gaver fra Tuva T\u00f8v Design AS er ikke bare for \u00f8yeblikket \u2013 de vil bli verdsatt og brukt i mange \u00e5r fremover.<\/p>\n<p class=\"font_8 wixui-rich-text__text\">Kontakt oss i dag for \u00e5 finne ut hvordan vi kan hjelpe deg med \u00e5 finne de perfekte gavene til dine ansatte, kunder eller partnere. Sammen kan vi gj\u00f8re b\u00e6rekraft til en naturlig del av deres bedriftskultur.<\/p>\n<\/div>\n<\/div>\n<\/div>\n<\/div>\n<\/div>\n<\/div>","protected":false},"excerpt":{"rendered":"<p>Bedrift Bedriftsgaver med Fokus p\u00e5 B\u00e6rekraft \u2013 Tuva T\u00f8v Design AS Velkommen til Tuva T\u00f8v Design AS, hvor vi tilbyr<\/p>","protected":false},"author":1,"featured_media":0,"parent":0,"menu_order":0,"comment_status":"closed","ping_status":"closed","template":"","meta":{"footnotes":""},"class_list":["post-292","page","type-page","status-publish","hentry"],"_links":{"self":[{"href":"https:\/\/tuvatov.no\/en\/wp-json\/wp\/v2\/pages\/292","targetHints":{"allow":["GET"]}}],"collection":[{"href":"https:\/\/tuvatov.no\/en\/wp-json\/wp\/v2\/pages"}],"about":[{"href":"https:\/\/tuvatov.no\/en\/wp-json\/wp\/v2\/types\/page"}],"author":[{"embeddable":true,"href":"https:\/\/tuvatov.no\/en\/wp-json\/wp\/v2\/users\/1"}],"replies":[{"embeddable":true,"href":"https:\/\/tuvatov.no\/en\/wp-json\/wp\/v2\/comments?post=292"}],"version-history":[{"count":1,"href":"https:\/\/tuvatov.no\/en\/wp-json\/wp\/v2\/pages\/292\/revisions"}],"predecessor-version":[{"id":293,"href":"https:\/\/tuvatov.no\/en\/wp-json\/wp\/v2\/pages\/292\/revisions\/293"}],"wp:attachment":[{"href":"https:\/\/tuvatov.no\/en\/wp-json\/wp\/v2\/media?parent=292"}],"curies":[{"name":"wp","href":"https:\/\/api.w.org\/{rel}","templated":true}]}}