{"id":204,"date":"2025-01-28T22:23:13","date_gmt":"2025-01-28T22:23:13","guid":{"rendered":"https:\/\/tuvatov.web-craft.dev\/?page_id=204"},"modified":"2025-03-11T07:54:50","modified_gmt":"2025-03-11T06:54:50","slug":"om-oss","status":"publish","type":"page","link":"https:\/\/tuvatov.no\/en\/om-oss\/","title":{"rendered":"About us"},"content":{"rendered":"<div class=\"wpb-content-wrapper\"><div data-vc-full-width=\"true\" data-vc-full-width-temp=\"true\" data-vc-full-width-init=\"false\" data-vc-stretch-content=\"true\" class=\"vc_row wpb_row vc_row-fluid vc_custom_1738099324360 wd-rs-67994a7a42aeb\"><div class=\"wpb_column vc_column_container vc_col-sm-12 wd-rs-67994a7324006\"><div class=\"vc_column-inner\"><div class=\"wpb_wrapper\"><div class=\"vc_row wpb_row vc_inner vc_row-fluid vc_custom_1738103051014 vc_row-has-fill vc_row-o-equal-height vc_row-o-content-middle vc_row-flex wd-rs-679959062ea18\"><div class=\"wpb_column vc_column_container vc_col-sm-2\"><div class=\"vc_column-inner\"><div class=\"wpb_wrapper\"><\/div><\/div><\/div><div class=\"wpb_column vc_column_container vc_col-sm-4\"><div class=\"vc_column-inner\"><div class=\"wpb_wrapper\">\t\t\t<div id=\"wd-6799596dbaf7d\" class=\"wd-text-block-wrapper wd-wpb wd-rs-6799596dbaf7d color-scheme- text-left vc_custom_1738103156070\">\n\t\t\t\t<div class=\"woodmart-title-container woodmart-text-block reset-last-child font-text wd-font-weight- wd-fontsize-m\">\n\t\t\t\t\tTUVA T\u00d8V DESIGN AS\t\t\t\t<\/div>\n\n\t\t\t\t\t\t\t<\/div>\n\t\t\n\t\t<div id=\"wd-6799597607429\" class=\"title-wrapper wd-wpb wd-set-mb reset-last-child  wd-rs-6799597607429 wd-title-color-default wd-title-style-default text-left vc_custom_1738103165840 wd-underline-colored\">\n\t\t\t\n\t\t\t<div class=\"liner-continer\">\n\t\t\t\t<h1 class=\"woodmart-title-container title  wd-font-weight-400 wd-fontsize-l\" >About us<\/h1>\n\t\t\t\t\t\t\t<\/div>\n\t\t\t\n\t\t\t\n\t\t\t\n\t\t<\/div>\n\t\t\n\t\t\n\t<div class=\"wpb_text_column wpb_content_element\" >\n\t\t<div class=\"wpb_wrapper\">\n\t\t\t<p><strong>Our wool products are quality without extra cost. <\/strong><\/p>\n<p><strong>The products are sustainable and environmentally friendly as we combine Norwegian wool and recycled wool. This reduces waste and supports a circular economy. <\/strong><\/p>\n<p><strong>The products are designed for long-term use and value, which means that customers will enjoy them for many years.<br \/>\n<\/strong><\/p>\n\n\t\t<\/div>\n\t<\/div>\n<\/div><\/div><\/div><div class=\"wpb_column vc_column_container vc_col-sm-6\"><div class=\"vc_column-inner\"><div class=\"wpb_wrapper\">\n\t<div  class=\"wpb_single_image wpb_content_element vc_align_center vc_custom_1738103131437\">\n\t\t\n\t\t<figure class=\"wpb_wrapper vc_figure\">\n\t\t\t<div class=\"vc_single_image-wrapper   vc_box_border_grey\"><img decoding=\"async\" class=\"vc_single_image-img\" src=\"https:\/\/tuvatov.no\/wp-content\/uploads\/2025\/01\/ullpledd_tuva_tov-400x600.png\" width=\"400\" height=\"600\" alt=\"ullpledd_tuva_tov\" title=\"ullpledd_tuva_tov\" loading=\"lazy\" \/><\/div>\n\t\t<\/figure>\n\t<\/div>\n<\/div><\/div><\/div><\/div><\/div><\/div><\/div><\/div><div class=\"vc_row-full-width vc_clearfix\"><\/div><div class=\"vc_row wpb_row vc_row-fluid vc_custom_1739282075227 vc_row-o-equal-height vc_row-o-content-middle vc_row-flex wd-rs-67ab5692822fb\"><div class=\"wpb_column vc_column_container vc_col-sm-6\"><div class=\"vc_column-inner\"><div class=\"wpb_wrapper\">\n\t<div  class=\"wpb_single_image wpb_content_element vc_align_left vc_custom_1738103526516\">\n\t\t\n\t\t<figure class=\"wpb_wrapper vc_figure\">\n\t\t\t<div class=\"vc_single_image-wrapper   vc_box_border_grey\"><img loading=\"lazy\" decoding=\"async\" width=\"2048\" height=\"1368\" src=\"https:\/\/tuvatov.no\/wp-content\/uploads\/2025\/01\/ADI_2183.jpg\" class=\"vc_single_image-img attachment-full\" alt=\"\" title=\"ADI_2183++\" srcset=\"https:\/\/tuvatov.no\/wp-content\/uploads\/2025\/01\/ADI_2183.jpg 2048w, https:\/\/tuvatov.no\/wp-content\/uploads\/2025\/01\/ADI_2183-300x200.jpg 300w, https:\/\/tuvatov.no\/wp-content\/uploads\/2025\/01\/ADI_2183-1024x684.jpg 1024w, https:\/\/tuvatov.no\/wp-content\/uploads\/2025\/01\/ADI_2183-768x513.jpg 768w, https:\/\/tuvatov.no\/wp-content\/uploads\/2025\/01\/ADI_2183-1536x1026.jpg 1536w, https:\/\/tuvatov.no\/wp-content\/uploads\/2025\/01\/ADI_2183-600x401.jpg 600w, https:\/\/tuvatov.no\/wp-content\/uploads\/2025\/01\/ADI_2183-150x100.jpg 150w\" sizes=\"auto, (max-width: 2048px) 100vw, 2048px\" \/><\/div>\n\t\t<\/figure>\n\t<\/div>\n<\/div><\/div><\/div><div class=\"wpb_column vc_column_container vc_col-sm-6\"><div class=\"vc_column-inner\"><div class=\"wpb_wrapper\">\n\t<div class=\"wpb_text_column wpb_content_element\" >\n\t\t<div class=\"wpb_wrapper\">\n\t\t\t<p><strong>Tuva T\u00f8v Design has over 20 years of experience and expertise in the textile industry. This means that the company has a value chain and production security that ensures the customer good quality at all stages.<\/strong><\/p>\n<p><strong>The company has financed and owns one of the production lines that today delivers one of the product ranges.<\/strong><\/p>\n<p><strong>Tuva T\u00f8v Design has both experienced and obtained significant information about production processes and raw material qualities that ensure the company good control over the entire value chain.\n\nTuva T\u00f8v Design delivers circular and sustainable products by combining Norwegian wool with recycled wool. We offer sustainable products that reduce waste and support a circular economy.<\/strong><\/p>\n<p><strong>This makes it possible for the customer to show that they take environmental responsibility seriously, which can also attract environmentally conscious partners. Reflects both the customer\u2019s and our commitment to social responsibility and sustainability.<\/strong><\/p>\n\n\t\t<\/div>\n\t<\/div>\n<\/div><\/div><\/div><\/div><div data-vc-full-width=\"true\" data-vc-full-width-temp=\"true\" data-vc-full-width-init=\"false\" class=\"vc_row wpb_row vc_row-fluid vc_custom_1739282054498 vc_row-has-fill wd-rs-67ab567e2b469\"><div class=\"wpb_column vc_column_container vc_col-sm-12 wd-rs-67995bfd5ec19\"><div class=\"vc_column-inner vc_custom_1738103810324\"><div class=\"wpb_wrapper\"><div class=\"vc_row wpb_row vc_inner vc_row-fluid\"><div class=\"wpb_column vc_column_container vc_col-sm-4\"><div class=\"vc_column-inner\"><div class=\"wpb_wrapper\">\n\t<div class=\"wpb_text_column wpb_content_element\" >\n\t\t<div class=\"wpb_wrapper\">\n\t\t\t<h4>Products are made of 50% Norwegian Wool and 50% recycled wool.<\/h4>\n\n\t\t<\/div>\n\t<\/div>\n<\/div><\/div><\/div><div class=\"wpb_column vc_column_container vc_col-sm-4\"><div class=\"vc_column-inner\"><div class=\"wpb_wrapper\">\n\t<div class=\"wpb_text_column wpb_content_element\" >\n\t\t<div class=\"wpb_wrapper\">\n\t\t\t<h4>It reflects our commitment to social responsibility and sustainability.<\/h4>\n\n\t\t<\/div>\n\t<\/div>\n<\/div><\/div><\/div><div class=\"wpb_column vc_column_container vc_col-sm-4\"><div class=\"vc_column-inner\"><div class=\"wpb_wrapper\">\n\t<div class=\"wpb_text_column wpb_content_element\" >\n\t\t<div class=\"wpb_wrapper\">\n\t\t\t<h4>Our wool products are not only of high quality, but also affordable.<\/h4>\n\n\t\t<\/div>\n\t<\/div>\n<\/div><\/div><\/div><\/div><\/div><\/div><\/div><\/div><div class=\"vc_row-full-width vc_clearfix\"><\/div><div class=\"vc_row wpb_row vc_row-fluid vc_custom_1739282019899 vc_column-gap-15 vc_row-o-equal-height vc_row-flex wd-rs-67ab565ed9d19\"><div class=\"wpb_column vc_column_container vc_col-sm-3 vc_col-has-fill wd-rs-67ab558d0b724\"><div class=\"vc_column-inner vc_custom_1739281865242\"><div class=\"wpb_wrapper\">\n\t<div class=\"wpb_text_column wpb_content_element\" >\n\t\t<div class=\"wpb_wrapper\">\n\t\t\t<p><strong>Norwegian quality and tradition<\/strong><\/p>\n<p>Tuva T\u00f8v Design AS combines the best of Norwegian wool tradition with modern design to offer products of the highest quality. Our wool garments are made with carefully selected wool from Norwegian farms, ensuring exceptional comfort and durability. We bring true Norwegian quality to our customers!<\/p>\n\n\t\t<\/div>\n\t<\/div>\n<\/div><\/div><\/div><div class=\"wpb_column vc_column_container vc_col-sm-3 vc_col-has-fill wd-rs-67b888e0a0aa1\"><div class=\"vc_column-inner vc_custom_1740146925163\"><div class=\"wpb_wrapper\">\n\t<div class=\"wpb_text_column wpb_content_element\" >\n\t\t<div class=\"wpb_wrapper\">\n\t\t\t<p><strong>Sustainability in focus<\/strong><\/p>\n<p>At Tuva T\u00f8v Design AS, sustainability is the cornerstone of our business. We produce quality wool garments that are both environmentally friendly and ethical. By choosing our products, you support local production and sustainable practices. Join us in the fight for a greener future!<\/p>\n\n\t\t<\/div>\n\t<\/div>\n<\/div><\/div><\/div><div class=\"wpb_column vc_column_container vc_col-sm-3 vc_col-has-fill wd-rs-67ab5623f3a2d\"><div class=\"vc_column-inner vc_custom_1739281962980\"><div class=\"wpb_wrapper\">\n\t<div class=\"wpb_text_column wpb_content_element\" >\n\t\t<div class=\"wpb_wrapper\">\n\t\t\t<p><strong>Innovation meets Tradition<\/strong><\/p>\n<p>Tuva T\u00f8v Design AS creates wool products that unite traditional craftsmanship with innovative design. Our collections are not only timeless, but also tailored to modern needs. We are looking for partners who share our passion for quality and innovation. <\/p>\n\n\t\t<\/div>\n\t<\/div>\n<\/div><\/div><\/div><div class=\"wpb_column vc_column_container vc_col-sm-3 vc_col-has-fill wd-rs-67ab562ca79bd\"><div class=\"vc_column-inner vc_custom_1739281971091\"><div class=\"wpb_wrapper\">\n\t<div class=\"wpb_text_column wpb_content_element\" >\n\t\t<div class=\"wpb_wrapper\">\n\t\t\t<p><strong>Local and Sustainable<\/strong><\/p>\n<p>Support Norwegian craftsmanship and sustainable values \u200b\u200bwith Tuva T\u00f8v Design AS. Our wool products are made from locally sourced wool, with a strong emphasis on environmentally friendly production methods. We are looking for partners who want to promote Norwegian quality products and a sustainable lifestyle. <\/p>\n\n\t\t<\/div>\n\t<\/div>\n<\/div><\/div><\/div><\/div><div class=\"vc_row wpb_row vc_row-fluid vc_custom_1739282193381 vc_row-o-equal-height vc_row-o-content-middle vc_row-flex wd-rs-67ab570d50a3c\"><div class=\"wpb_column vc_column_container vc_col-sm-6 vc_col-has-fill wd-rs-67ab56be72894\"><div class=\"vc_column-inner vc_custom_1739282136439\"><div class=\"wpb_wrapper\">\n\t<div class=\"wpb_text_column wpb_content_element\" >\n\t\t<div class=\"wpb_wrapper\">\n\t\t\t<h2>Simplicity is the most sophisticated<\/h2>\n<p>Tuva T\u00f8v Design AS started with a simple vision: to create products from the best Norwegian wool, without compromise.<\/p>\n<p>Commitment to Quality<br \/>\nWe use only the finest Norwegian wool. With thorough quality controls, we ensure that each product is made to exceed expectations.<\/p>\n<p>Sustainability and Ethics<br \/>\nOur wool is sourced from local, sustainable farms. We continuously work to minimize our ecological footprint.<\/p>\n<p>Timeless Product Range<br \/>\nWe offer simple yet sophisticated products \u2013 from warm sweaters to cozy blankets. Everything is designed for comfort, whether you\u2019re at home or out in nature.<\/p>\n<p>Our Philosophy<br \/>\nSimplicity is our guiding principle. We believe in supporting local communities, delivering quality products, and having a positive impact on both people and the environment.<\/p>\n\n\t\t<\/div>\n\t<\/div>\n<\/div><\/div><\/div><div class=\"wpb_column vc_column_container vc_col-sm-6\"><div class=\"vc_column-inner\"><div class=\"wpb_wrapper\">\n\t<div  class=\"wpb_single_image wpb_content_element vc_align_center\">\n\t\t\n\t\t<figure class=\"wpb_wrapper vc_figure\">\n\t\t\t<div class=\"vc_single_image-wrapper   vc_box_border_grey\"><img loading=\"lazy\" decoding=\"async\" width=\"1000\" height=\"1000\" src=\"https:\/\/tuvatov.no\/wp-content\/uploads\/2025\/02\/skjerf.png\" class=\"vc_single_image-img attachment-full\" alt=\"\" title=\"skjerf\" srcset=\"https:\/\/tuvatov.no\/wp-content\/uploads\/2025\/02\/skjerf.png 1000w, https:\/\/tuvatov.no\/wp-content\/uploads\/2025\/02\/skjerf-300x300.png 300w, https:\/\/tuvatov.no\/wp-content\/uploads\/2025\/02\/skjerf-150x150.png 150w, https:\/\/tuvatov.no\/wp-content\/uploads\/2025\/02\/skjerf-768x768.png 768w, https:\/\/tuvatov.no\/wp-content\/uploads\/2025\/02\/skjerf-600x600.png 600w\" sizes=\"auto, (max-width: 1000px) 100vw, 1000px\" \/><\/div>\n\t\t<\/figure>\n\t<\/div>\n<\/div><\/div><\/div><\/div><div class=\"vc_row wpb_row vc_row-fluid vc_custom_1739282193381 vc_row-o-equal-height vc_row-o-content-middle vc_row-flex wd-rs-67ab570d50a3c\"><div class=\"wpb_column vc_column_container vc_col-sm-6\"><div class=\"vc_column-inner\"><div class=\"wpb_wrapper\"><div class=\"vc_row wpb_row vc_inner vc_row-fluid\"><div class=\"wpb_column vc_column_container vc_col-sm-2\"><div class=\"vc_column-inner\"><div class=\"wpb_wrapper\"><\/div><\/div><\/div><div class=\"wpb_column vc_column_container vc_col-sm-8\"><div class=\"vc_column-inner\"><div class=\"wpb_wrapper\">\n\t<div  class=\"wpb_single_image wpb_content_element vc_align_center\">\n\t\t\n\t\t<figure class=\"wpb_wrapper vc_figure\">\n\t\t\t<div class=\"vc_single_image-wrapper   vc_box_border_grey\"><img loading=\"lazy\" decoding=\"async\" width=\"1000\" height=\"1000\" src=\"https:\/\/tuvatov.no\/wp-content\/uploads\/2025\/02\/Dame.png\" class=\"vc_single_image-img attachment-full\" alt=\"\" title=\"Dame\" srcset=\"https:\/\/tuvatov.no\/wp-content\/uploads\/2025\/02\/Dame.png 1000w, https:\/\/tuvatov.no\/wp-content\/uploads\/2025\/02\/Dame-300x300.png 300w, https:\/\/tuvatov.no\/wp-content\/uploads\/2025\/02\/Dame-150x150.png 150w, https:\/\/tuvatov.no\/wp-content\/uploads\/2025\/02\/Dame-768x768.png 768w, https:\/\/tuvatov.no\/wp-content\/uploads\/2025\/02\/Dame-600x600.png 600w\" sizes=\"auto, (max-width: 1000px) 100vw, 1000px\" \/><\/div>\n\t\t<\/figure>\n\t<\/div>\n<\/div><\/div><\/div><div class=\"wpb_column vc_column_container vc_col-sm-2\"><div class=\"vc_column-inner\"><div class=\"wpb_wrapper\"><\/div><\/div><\/div><\/div><\/div><\/div><\/div><div class=\"wpb_column vc_column_container vc_col-sm-6 vc_col-has-fill wd-rs-67b888f00d2a0\"><div class=\"vc_column-inner vc_custom_1740146932408\"><div class=\"wpb_wrapper\">\n\t<div class=\"wpb_text_column wpb_content_element\" >\n\t\t<div class=\"wpb_wrapper\">\n\t\t\t<h3>Norwegian wool represents a combination of tradition, quality and sustainability.<\/h3>\n<p>The robust, heat-insulating and moisture-wicking wool is a valuable material for both clothing and interior design, and its popularity continues to grow both in Norway and internationally.<\/p>\n\n\t\t<\/div>\n\t<\/div>\n<\/div><\/div><\/div><\/div>\n<\/div>","protected":false},"excerpt":{"rendered":"TUVA T\u00d8V DESIGN AS Om oss V\u00e5re ullprodukter er kvalitet uten ekstra kostnad. Produktene er b\u00e6rekraftige og milj\u00f8vennlige da vi","protected":false},"author":1,"featured_media":115,"parent":0,"menu_order":0,"comment_status":"closed","ping_status":"closed","template":"","meta":{"footnotes":""},"class_list":["post-204","page","type-page","status-publish","has-post-thumbnail","hentry"],"_links":{"self":[{"href":"https:\/\/tuvatov.no\/en\/wp-json\/wp\/v2\/pages\/204","targetHints":{"allow":["GET"]}}],"collection":[{"href":"https:\/\/tuvatov.no\/en\/wp-json\/wp\/v2\/pages"}],"about":[{"href":"https:\/\/tuvatov.no\/en\/wp-json\/wp\/v2\/types\/page"}],"author":[{"embeddable":true,"href":"https:\/\/tuvatov.no\/en\/wp-json\/wp\/v2\/users\/1"}],"replies":[{"embeddable":true,"href":"https:\/\/tuvatov.no\/en\/wp-json\/wp\/v2\/comments?post=204"}],"version-history":[{"count":27,"href":"https:\/\/tuvatov.no\/en\/wp-json\/wp\/v2\/pages\/204\/revisions"}],"predecessor-version":[{"id":359,"href":"https:\/\/tuvatov.no\/en\/wp-json\/wp\/v2\/pages\/204\/revisions\/359"}],"wp:featuredmedia":[{"embeddable":true,"href":"https:\/\/tuvatov.no\/en\/wp-json\/wp\/v2\/media\/115"}],"wp:attachment":[{"href":"https:\/\/tuvatov.no\/en\/wp-json\/wp\/v2\/media?parent=204"}],"curies":[{"name":"wp","href":"https:\/\/api.w.org\/{rel}","templated":true}]}}